{"id":1152,"date":"2023-11-28T18:21:16","date_gmt":"2023-11-28T17:21:16","guid":{"rendered":"https:\/\/les-rendez-vous.fr\/?page_id=1152"},"modified":"2024-12-20T11:23:16","modified_gmt":"2024-12-20T10:23:16","slug":"dieu-la-theologie-et-le-monde","status":"publish","type":"page","link":"https:\/\/les-rendez-vous.fr\/index.php\/dieu-la-theologie-et-le-monde\/","title":{"rendered":"Dieu, la th\u00e9ologie et le monde"},"content":{"rendered":"\n<p>La sixi\u00e8me \u00e9dition des Rendez-vous de la pens\u00e9e protestante a eu lieu du 8 au 10 mars 2024 \u00e0 la Facult\u00e9 de Montpellier de l&rsquo;Institut protestant de th\u00e9ologie.<\/p>\n\n\n\n<figure class=\"wp-block-image size-large\"><img loading=\"lazy\" decoding=\"async\" width=\"1024\" height=\"133\" src=\"https:\/\/i0.wp.com\/les-rendez-vous.fr\/wp-content\/uploads\/2023\/11\/Banniere-longue-HelloAsso.jpg?resize=1024%2C133\" alt=\"\" class=\"wp-image-1114\" srcset=\"https:\/\/i0.wp.com\/les-rendez-vous.fr\/wp-content\/uploads\/2023\/11\/Banniere-longue-HelloAsso.jpg?resize=1024%2C133&amp;ssl=1 1024w, https:\/\/i0.wp.com\/les-rendez-vous.fr\/wp-content\/uploads\/2023\/11\/Banniere-longue-HelloAsso.jpg?resize=300%2C39&amp;ssl=1 300w, https:\/\/i0.wp.com\/les-rendez-vous.fr\/wp-content\/uploads\/2023\/11\/Banniere-longue-HelloAsso.jpg?resize=768%2C100&amp;ssl=1 768w, https:\/\/i0.wp.com\/les-rendez-vous.fr\/wp-content\/uploads\/2023\/11\/Banniere-longue-HelloAsso.jpg?resize=1536%2C200&amp;ssl=1 1536w, https:\/\/i0.wp.com\/les-rendez-vous.fr\/wp-content\/uploads\/2023\/11\/Banniere-longue-HelloAsso.jpg?w=1600&amp;ssl=1 1600w\" sizes=\"(max-width: 1000px) 100vw, 1000px\" data-recalc-dims=\"1\" \/><\/figure>\n\n\n\n<p class=\"ticss-f014339d has-text-color has-link-color has-x-large-font-size wp-elements-ef0abff0c44f5bb3ed8153345b6b5825\" style=\"color:#90ab13\">Dis-moi quel est ton <strong>monde<\/strong>, je te dirai quel est ton <strong>Dieu<\/strong>. Dis-moi quel est ton <strong>Dieu<\/strong>, je te dirai quel est ton <strong>monde<\/strong><\/p>\n\n\n\n<div class=\"wp-block-buttons ticss-aa0c2330 is-content-justification-center is-layout-flex wp-container-core-buttons-layout-1 wp-block-buttons-is-layout-flex\">\n<div class=\"wp-block-button ticss-fdbf5057\"><a class=\"wp-block-button__link has-background wp-element-button\" href=\"https:\/\/www.helloasso.com\/associations\/les-rendez-vous-de-la-pensee-protestante\/adhesions\/adhesion-a-l-association-des-rendez-vous-de-la-pensee-protestante-2\" style=\"border-radius:25px;background-color:#90ab13\" target=\"_blank\" rel=\"noreferrer noopener\">Adh\u00e9rer \u00e0 l&rsquo;Association<\/a><\/div>\n<\/div>\n\n\n\n<h2 class=\"wp-block-heading alignwide has-text-align-center\"><mark style=\"background-color:rgba(0, 0, 0, 0);color:#90ab13\" class=\"has-inline-color\">ARGUMENTAIRE autour du THEME de cette ann\u00e9e<\/mark><\/h2>\n\n\n\n<p>La th\u00e9ologie chr\u00e9tienne noue un discours sur Dieu et un discours sur le monde. La mani\u00e8re d\u2019articuler ces deux discours, voire de les faire d\u00e9couler l\u2019un de l\u2019autre, est fort variable selon les th\u00e9ologiens. Elle varie d\u2019apr\u00e8s la vision du monde que chaque th\u00e9ologien et th\u00e9ologienne adopte et ajuste dans la situation singuli\u00e8re o\u00f9 il ou elle se trouve. Elle varie aussi en fonction du poids de r\u00e9alit\u00e9 conf\u00e9r\u00e9 au monde envisag\u00e9 par le th\u00e9ologien ou la th\u00e9ologienne d\u2019une part et, d\u2019autre part, au Dieu r\u00e9v\u00e9l\u00e9 en J\u00e9sus-Christ et \u00e0 travers les \u00c9critures.<\/p>\n\n\n\n<p>La th\u00e9ologie contemporaine per\u00e7oit sans doute plus finement que jadis combien son discours n\u2019est pas absolu \u2013 au sens \u00e9tymologique du mot&nbsp;: d\u00e9gag\u00e9 \u2013, mais, au contraire, engag\u00e9 et ench\u00e2ss\u00e9 dans une exp\u00e9rience du monde aussi bien que dans une exp\u00e9rience de Dieu. De cette exp\u00e9rience, si variable et instable soit-elle, le th\u00e9ologien et la th\u00e9ologienne ne peuvent pas faire enti\u00e8rement abstraction&nbsp;: elle contribue \u00e0 param\u00e9trer son discours. Le plus \u00e9l\u00e9mentaire de ces param\u00e8tres, par exemple, est la n\u00e9cessit\u00e9 pour le discours th\u00e9ologique de s\u2019\u00e9laborer dans une des langues humaines.<\/p>\n\n\n\n<p>Il ne s\u2019agit pas l\u00e0, dans un premier temps, d\u2019une d\u00e9couverte proprement th\u00e9ologique. On peut sans doute \u00e9voquer des raisons sp\u00e9cifiques \u00e0 la th\u00e9ologie chr\u00e9tienne pour lesquelles son discours ne saurait \u00eatre qu\u2019ainsi incarn\u00e9. Mais ce constat vaut d\u2019abord pour l\u2019ensemble des sciences humaines&nbsp;: il rel\u00e8ve d\u2019une r\u00e9flexion sur les facteurs qui conditionnent le discours scientifique \u00e0 propos de l\u2019humain et du monde. Il accompagne une double prise de conscience&nbsp;: le monde et l\u2019exp\u00e9rience qu\u2019en fait l\u2019humain ne sont pas monolithiques&nbsp;; la lecture qu\u2019en donne le chercheur ou le penseur est limit\u00e9e parce qu\u2019elle est situ\u00e9e. De cette prise de conscience proc\u00e8de l\u2019\u00e9laboration de nouvelles cat\u00e9gories qui font aussi leur entr\u00e9e en th\u00e9ologie&nbsp;: herm\u00e9neutique et interpr\u00e9tation \u2013 m\u00e9thodes inductive, d\u00e9ductive ou corr\u00e9lative \u2013 contextualisation \u2013 acculturation, inculturation et interculturalit\u00e9 \u2013 pluralit\u00e9 et pluralisme \u2013, etc. L\u2019usage de ces cat\u00e9gories indique, de diverses mani\u00e8res, que le sp\u00e9cialiste d\u2019une science humaine ne pr\u00e9tend plus analyser le monde de l\u2019ext\u00e9rieur&nbsp;: il \u00e9tudie notre monde dans la conscience qu\u2019il en fait lui-m\u00eame partie et que son regard sur les choses est conditionn\u00e9 par l\u2019\u00e9poque, le lieu, la culture, les structures sociales dans lesquels il vit, et par son histoire personnelle.<\/p>\n\n\n\n<p>La transposition de ces cat\u00e9gories en th\u00e9ologie ne va pas de soi, parce que le discours th\u00e9ologique, en r\u00e9gime chr\u00e9tien, n\u2019est pas seulement descriptif. Il a aussi un caract\u00e8re k\u00e9rygmatique, normatif et syst\u00e9matique, sans doute en raison de son objet&nbsp;: le monde, certes, mais aussi le rapport qu\u2019entretient, avec ce monde pluriel et changeant, un Dieu pr\u00e9sent\u00e9 comme unique et universel. Qui plus est, la th\u00e9ologie chr\u00e9tienne affirme que ce Dieu s\u2019est r\u00e9v\u00e9l\u00e9&nbsp;: il s\u2019est donn\u00e9 \u00e0 conna\u00eetre, mais sur le mode sp\u00e9cifique de la r\u00e9v\u00e9lation, qui pourrait \u00e9chapper aux limites habituelles de la connaissance humaine en donnant acc\u00e8s \u00e0 une v\u00e9rit\u00e9 que la simple raison ne saurait percevoir.<\/p>\n\n\n\n<p>D\u00e8s lors, il ne va pas de soi qu\u2019on doive se r\u00e9soudre \u00e0 ne plus parler de Dieu lui-m\u00eame, au motif que nous serions en mesure de d\u00e9crire tout au plus l\u2019exp\u00e9rience que nous en faisons. D\u2019un autre c\u00f4t\u00e9, le th\u00e9ologien et la th\u00e9ologienne n\u2019\u00e9chappent pas, dans la production de leur discours, \u00e0 la condition qui est celle de toute intelligence humaine du monde, de Dieu ou d\u2019autre chose. Par ailleurs, s\u2019ils veulent encore s\u2019adresser au monde, et non pas seulement \u00e0 quelques initi\u00e9s, le th\u00e9ologien et la th\u00e9ologienne ne peuvent pas faire l\u2019\u00e9conomie d\u2019une analyse de ce qu\u2019est pour eux le monde et de la mani\u00e8re dont leur discours s\u2019y rapporte.<\/p>\n\n\n\n<p>La r\u00e9flexion des sciences humaines sur les conditions dans lesquelles s\u2019\u00e9labore leur discours sur l\u2019humain et le monde constitue de la sorte une gageure pour la th\u00e9ologie. Le th\u00e9ologien et la th\u00e9ologienne ne sont pas seulement mis au d\u00e9fi d\u2019adapter le discours sur le Dieu de J\u00e9sus-Christ aux pr\u00e9occupations humaines de chaque temps et de chaque lieu \u2013 ce qu\u2019on appelle \u00ab&nbsp;actualisation&nbsp;\u00bb. Ils sont plus fondamentalement interpel\u00e9s quant \u00e0 la m\u00e9thode m\u00eame qu\u2019ils mettent en \u0153uvre pour parler de Dieu, du monde et du rapport qu\u2019ils entretiennent, et pour en parler depuis l\u2019int\u00e9rieur du monde. Comment notre \u00eatre au monde influence-t-il notre mani\u00e8re de faire de la th\u00e9ologie&nbsp;? Comment le th\u00e9ologien et la th\u00e9ologienne ressent-il et int\u00e8gre-t-il les limites de son humanit\u00e9 dans sa fa\u00e7on de penser Dieu&nbsp;? Que font-ils des r\u00e9alit\u00e9s mondaines qui r\u00e9sistent \u00e0 leur discours et ne s\u2019y laissent pas int\u00e9grer imm\u00e9diatement&nbsp;? S\u2019ils sont cr\u00e9atures parmi les cr\u00e9atures, s\u2019ils habitent le monde plut\u00f4t que de le fuir ou de vouloir \u00e0 toute force le fa\u00e7onner \u00e0 leur id\u00e9e, s\u2019ils admettent que ce monde les pr\u00e9c\u00e8de et qu\u2019ils en font partie, quel type de r\u00e9flexion th\u00e9ologique peuvent-ils ou doivent-ils produire&nbsp;?<\/p>\n\n\n\n<p>Le th\u00e9ologien et la th\u00e9ologienne sont alors convi\u00e9s \u00e0 expliquer, \u00e0 eux-m\u00eames et pour leur lecteur, quel est \u00ab&nbsp;leur&nbsp;\u00bb monde&nbsp;:<\/p>\n\n\n\n<ul>\n<li>quel statut le th\u00e9ologien ou la th\u00e9ologienne donne-t-il au monde et \u00e0 son exp\u00e9rience du monde&nbsp;? ont-ils une fonction de r\u00e9gulation du discours th\u00e9ologique&nbsp;? en seraient-ils m\u00eame la norme&nbsp;? tiennent-ils lieu de source du discours th\u00e9ologique, au m\u00eame titre que les \u00c9critures, par exemple&nbsp;? sont-ils, au contraire, toujours soumis au soup\u00e7on, parce que \u00ab&nbsp;le monde&nbsp;\u00bb, sur le plan th\u00e9ologique, serait une r\u00e9alit\u00e9 connot\u00e9e n\u00e9gativement, marqu\u00e9e par le mal et par le p\u00e9ch\u00e9&nbsp;?<\/li>\n\n\n\n<li>in\u00e9vitablement, l\u2019exp\u00e9rience du monde qui est celle du th\u00e9ologien et de la th\u00e9ologienne circonscrit leur discours \u2013 mais jusqu\u2019\u00e0 quel point cette exp\u00e9rience doit-elle param\u00e9trer leur discours&nbsp;? y a-t-il une limite infranchissable, \u00e0 ne pas d\u00e9passer sous peine de d\u00e9naturer ce qu\u2019est le christianisme&nbsp;? si oui, laquelle, et pourquoi&nbsp;?<\/li>\n\n\n\n<li>quels aspects du monde peuvent \u00eatre laiss\u00e9s au rang de simple fait historique contingent&nbsp;? quels aspects du monde pourraient, voire devraient devenir un objet de r\u00e9flexion th\u00e9ologique&nbsp;? selon quels crit\u00e8res le th\u00e9ologien et la th\u00e9ologienne font-ils le tri entre les uns et les autres&nbsp;?<\/li>\n\n\n\n<li>la pluralit\u00e9 des r\u00e9gimes mondains de v\u00e9rit\u00e9 est-elle le signe d\u2019un d\u00e9ficit, voire d\u2019un p\u00e9ch\u00e9&nbsp;? ou signale-t-elle plut\u00f4t les limites in\u00e9vitables de l\u2019intelligence humaine \u2013 y compris de l\u2019intelligence humaine de Dieu \u2013&nbsp; auxquelles il faut se r\u00e9signer&nbsp;? ou encore serait-elle le reflet d\u2019une r\u00e9v\u00e9lation plurielle de \u00ab&nbsp;Dieu&nbsp;\u00bb&nbsp;? en ce cas, de quel \u00ab&nbsp;Dieu&nbsp;\u00bb parle-t-on&nbsp;?<\/li>\n\n\n\n<li>pour qui le th\u00e9ologien et la th\u00e9ologienne parlent-ils&nbsp;? tiennent-ils leur discours dans le monde et pour le monde, ou au contraire face au monde, voire contre le monde&nbsp;? ou les deux&nbsp;? leur faut-il contribuer au bien commun&nbsp;?<\/li>\n<\/ul>\n\n\n\n<p>Sans doute les positions th\u00e9ologiques sur ces diff\u00e9rents points se situent-elles entre deux extr\u00eames.<\/p>\n\n\n\n<p>\u00c0 un extr\u00eame, il y aurait un discours th\u00e9ologique qui fonctionnerait en vase clos, satur\u00e9 d\u2019\u00e9vidence divine au point d\u2019en devenir presque \u00e9sot\u00e9rique, se jugeant d\u2019autant plus purement th\u00e9ologique qu\u2019il se maintiendrait \u00e0 l\u2019\u00e9cart de toute influence mondaine, creusant son sillon en s\u2019exposant au monde le moins possible et en en proposant une critique radicale. L\u2019influence du monde sur le th\u00e9ologien ou la th\u00e9ologienne s\u2019exercerait sur le mode d\u2019une provocation au rejet. Le monde n\u2019y serait jamais con\u00e7u comme l\u2019instance de manifestation d\u2019une quelconque v\u00e9rit\u00e9, mais plut\u00f4t comme l\u2019objet de la menace permanente du mal. Pareil discours serait une tentative de penser Dieu sans le monde, ou plut\u00f4t contre le monde.<\/p>\n\n\n\n<p>\u00c0 l\u2019autre extr\u00eame se situerait un discours dont on se demanderait \u00e0 quel point il est encore th\u00e9ologique&nbsp;: la r\u00e9f\u00e9rence \u00e0 Dieu y serait absente au motif que Dieu \u00e9chappe aux conditions humaines de la connaissance. La th\u00e9ologie deviendrait une analyse du ph\u00e9nom\u00e8ne purement humain qu\u2019est la religion, consid\u00e9r\u00e9 dans sa pluralit\u00e9 impossible \u00e0 probl\u00e9matiser, puisqu\u2019elle serait envisag\u00e9e uniquement comme le contexte ind\u00e9passable de l\u2019exercice du discours th\u00e9ologique aujourd\u2019hui. L\u2019influence du monde sur le th\u00e9ologien ou la th\u00e9ologienne serait telle que ce monde deviendrait l\u2019unique objet de son discours, l\u2019unique porte d\u2019entr\u00e9e pour un discours sur un \u00ab&nbsp;Dieu&nbsp;\u00bb sans v\u00e9ritable alt\u00e9rit\u00e9. Il n\u2019y aurait personne d\u2019autre \u00e0 \u00e9couter que le monde. Ce serait l\u00e0 une tentative de penser le monde sans Dieu.<\/p>\n\n\n\n<p>Entre ces deux extr\u00eames, le spectre est vaste et les RVPP 2024 seront l\u2019occasion de l\u2019explorer, aussi bien que de contester au besoin pareille topographie du d\u00e9bat. Pour que la r\u00e9flexion commune sur le degr\u00e9 de porosit\u00e9 de la th\u00e9ologie par rapport au monde ne demeure pas purement th\u00e9orique, il vous est propos\u00e9 de vous saisir d\u2019un des th\u00e8mes suivants (sans que l\u2019ordre des mots ici propos\u00e9 induise une pr\u00e9\u00e9minence)&nbsp;:<\/p>\n\n\n\n<ul>\n<li>doctrine de la cr\u00e9ation, eschatologie et crise \u00e9cologique,<\/li>\n\n\n\n<li>sot\u00e9riologie et pluralit\u00e9 des religions,<\/li>\n\n\n\n<li>eccl\u00e9siologie et interculturalit\u00e9.<\/li>\n<\/ul>\n\n\n\n<p>Il s\u2019agit d\u2019exposer votre position sur un de ces sujets en montrant si et comment les termes qui le composent s\u2019informent mutuellement lorsque vous entreprenez de les penser. L\u2019enjeu n\u2019est pas de faire ressortir ce ou Celui au nom de quoi vous agiriez dans le monde, en exposant les motivations th\u00e9ologiques d\u2019un engagement \u00e9thique concret (\u00ab&nbsp;je trie mes d\u00e9chets parce que Dieu a cr\u00e9\u00e9 le monde&nbsp;\u00bb), mais de d\u00e9terminer en quoi votre r\u00e9flexion proprement th\u00e9ologique sur la cr\u00e9ation et l\u2019eschatologie, sur le salut ou sur l\u2019\u00c9glise refl\u00e8te une vision du monde et, inversement, comment votre perception du monde est susceptible d\u2019infl\u00e9chir votre discours th\u00e9ologique.<\/p>\n\n\n\n<p>Le d\u00e9bat ferait appara\u00eetre ce qui demeure parfois implicite, voire impens\u00e9&nbsp;: les pr\u00e9suppos\u00e9s du th\u00e9ologien ou de la th\u00e9ologienne \u2013 non pas ce qu\u2019il croit, mais ce qu\u2019il \u00ab&nbsp;croit savoir&nbsp;\u00bb, ce qui se pr\u00e9sente \u00e0 lui comme \u00e9vident dans son exp\u00e9rience du monde et comme incontournable dans sa perception du Dieu de J\u00e9sus-Christ. Dans les r\u00e9alit\u00e9s mondaines que sont \u2013 par exemple \u2013 les grandes religions mondiales, les liens croissants entre personnes de cultures diff\u00e9rentes ou la d\u00e9gradation de notre habitat naturel, quels faits, quels \u00e9l\u00e9ments s\u2019imposent d\u2019\u00e9vidence au th\u00e9ologien en tant que th\u00e9ologien (et non en tant que militant de telle cause ou humaniste engag\u00e9)&nbsp;? qu\u2019est-ce qui peut ou doit entrer dans son champ de r\u00e9flexion&nbsp;? comment le th\u00e9ologien et la th\u00e9ologienne confrontent-ils ces faits aux sources ordinaires du discours th\u00e9ologique que sont les \u00c9critures et les traditions confessionnelles&nbsp;?<\/p>\n\n\n\n<p>Nous vous convions \u00e0 proposer une entr\u00e9e en mati\u00e8re pour l\u2019un des trois sujets envisag\u00e9s, en faisant voir comment vous choisissez les briques qui servent de mat\u00e9riau \u00e0 votre travail th\u00e9ologique et de quelle mani\u00e8re vous les disposez les unes par rapport aux autres. La t\u00e2che de vos interlocuteurs sera de dialoguer avec vous sur l\u2019articulation que vous aurez faite entre une vision du monde et une vision de Dieu. Puis, \u00e0 votre tour, vous effectuerez sur le m\u00eame mode une relecture de la position de vos partenaires de d\u00e9bat.<\/p>\n\n\n\n<figure class=\"wp-block-embed is-type-video is-provider-youtube wp-block-embed-youtube wp-embed-aspect-16-9 wp-has-aspect-ratio\"><div class=\"wp-block-embed__wrapper\">\n<iframe loading=\"lazy\" title=\"Soir\u00e9e publique - Dieu, le monde et la th\u00e9ologie\" width=\"500\" height=\"281\" src=\"https:\/\/www.youtube.com\/embed\/Def6sOqmrE8?start=13&#038;feature=oembed\" frameborder=\"0\" allow=\"accelerometer; autoplay; clipboard-write; encrypted-media; gyroscope; picture-in-picture; web-share\" referrerpolicy=\"strict-origin-when-cross-origin\" allowfullscreen><\/iframe>\n<\/div><\/figure>\n\n\n\n<figure class=\"wp-block-embed is-type-video is-provider-youtube wp-block-embed-youtube wp-embed-aspect-16-9 wp-has-aspect-ratio\"><div class=\"wp-block-embed__wrapper\">\n<iframe loading=\"lazy\" title=\"Th\u00e8ses 1 \u00ab eccl\u00e9siologie et interculturalit\u00e9 \u00bb - RVPP 2024 : Dieu, la th\u00e9ologie et le monde\" width=\"500\" height=\"281\" src=\"https:\/\/www.youtube.com\/embed\/wpzLRuFl2iA?feature=oembed\" frameborder=\"0\" allow=\"accelerometer; autoplay; clipboard-write; encrypted-media; gyroscope; picture-in-picture; web-share\" referrerpolicy=\"strict-origin-when-cross-origin\" allowfullscreen><\/iframe>\n<\/div><\/figure>\n\n\n\n<figure class=\"wp-block-embed is-type-video is-provider-youtube wp-block-embed-youtube wp-embed-aspect-16-9 wp-has-aspect-ratio\"><div class=\"wp-block-embed__wrapper\">\n<iframe loading=\"lazy\" title=\"Th\u00e8ses 2 \u00ab doctrine de la cr\u00e9ation, eschatologie et crise \u00e9cologique \u00bb - RVPP 2024\" width=\"500\" height=\"281\" src=\"https:\/\/www.youtube.com\/embed\/1IxGIgAXckE?feature=oembed\" frameborder=\"0\" allow=\"accelerometer; autoplay; clipboard-write; encrypted-media; gyroscope; picture-in-picture; web-share\" referrerpolicy=\"strict-origin-when-cross-origin\" allowfullscreen><\/iframe>\n<\/div><\/figure>\n\n\n\n<figure class=\"wp-block-embed is-type-video is-provider-youtube wp-block-embed-youtube wp-embed-aspect-16-9 wp-has-aspect-ratio\"><div class=\"wp-block-embed__wrapper\">\n<iframe loading=\"lazy\" title=\"Th\u00e8ses 3 \u00ab sot\u00e9riologie et pluralit\u00e9 des religions \u00bb - RVPP 2024 : Dieu, la th\u00e9ologie et le monde\" width=\"500\" height=\"281\" src=\"https:\/\/www.youtube.com\/embed\/KF3w9xaB0Xs?feature=oembed\" frameborder=\"0\" allow=\"accelerometer; autoplay; clipboard-write; encrypted-media; gyroscope; picture-in-picture; web-share\" referrerpolicy=\"strict-origin-when-cross-origin\" allowfullscreen><\/iframe>\n<\/div><\/figure>\n\n\n\n<figure class=\"wp-block-embed is-type-video is-provider-youtube wp-block-embed-youtube wp-embed-aspect-16-9 wp-has-aspect-ratio\"><div class=\"wp-block-embed__wrapper\">\n<iframe loading=\"lazy\" title=\"Synth\u00e8se - RVPP 2024 : Dieu, la th\u00e9ologie et le monde\" width=\"500\" height=\"281\" src=\"https:\/\/www.youtube.com\/embed\/slwFE4PQgq4?feature=oembed\" frameborder=\"0\" allow=\"accelerometer; autoplay; clipboard-write; encrypted-media; gyroscope; picture-in-picture; web-share\" referrerpolicy=\"strict-origin-when-cross-origin\" allowfullscreen><\/iframe>\n<\/div><\/figure>\n\n\n\n<h3 class=\"wp-block-heading has-text-align-center has-text-color has-link-color wp-elements-ca7d5797b8795e10077c7afeae15f003\" style=\"color:#90ab13\"><mark style=\"background-color:rgba(0, 0, 0, 0);color:#90ab13\" class=\"has-inline-color\">Le <strong>PROGRAMME des RVPP<\/strong> 2024<\/mark><\/h3>\n\n\n\n<h4 class=\"wp-block-heading has-text-color has-link-color wp-elements-41e169426be72e9832f631dac8498e5f\" style=\"color:#90ab13\"><span class=\"highlight\"><mark style=\"background-color:rgba(0, 0, 0, 0);color:#90ab13\" class=\"has-inline-color\">Vendredi 08<\/mark><mark style=\"background-color:rgba(0, 0, 0, 0)\" class=\"has-inline-color has-raft-accent-secondary-color\">&nbsp;<\/mark><\/span><\/h4>\n\n\n\n<ul>\n<li>16h00&nbsp;: CA<\/li>\n\n\n\n<li>18h00&nbsp;: Accueil<\/li>\n\n\n\n<li>18h30&nbsp;: AG de l\u2019association<\/li>\n\n\n\n<li>19h00&nbsp;: Aum\u00f4nerie<\/li>\n\n\n\n<li>19h15&nbsp;: Allocutions officielles<\/li>\n\n\n\n<li>19h45 \u2013 Cocktail d\u00eenatoire<\/li>\n<\/ul>\n\n\n\n<h4 class=\"wp-block-heading\"><mark style=\"background-color:rgba(0, 0, 0, 0);color:#90ab13\" class=\"has-inline-color\">Samedi 09<\/mark><\/h4>\n\n\n\n<ul>\n<li>9h00&nbsp;: Aum\u00f4nerie<\/li>\n\n\n\n<li>9h30&nbsp;: Introduction g\u00e9n\u00e9rale et rappel de l\u2019esprit et de la m\u00e9thodologie des RVPP<\/li>\n\n\n\n<li>10h00 : Th\u00e8ses 1 \u00ab&nbsp;eccl\u00e9siologie et interculturalit\u00e9&nbsp;\u00bb<\/li>\n\n\n\n<li>11h15 : Travaux de groupe<\/li>\n\n\n\n<li>12h30&nbsp;: D\u00e9jeuner<\/li>\n\n\n\n<li>14h00&nbsp;: Th\u00e8ses 2 \u00ab doctrine de la cr\u00e9ation, eschatologie et crise \u00e9cologique&nbsp;\u00bb<\/li>\n\n\n\n<li>15h00&nbsp;: Travaux de groupe<\/li>\n\n\n\n<li>16h00&nbsp;: Pause<\/li>\n\n\n\n<li>16h45&nbsp;: Aum\u00f4nerie<\/li>\n\n\n\n<li>17h00&nbsp;: Th\u00e8ses 3 \u00ab&nbsp;sot\u00e9riologie et pluralit\u00e9 des religions&nbsp;\u00bb<\/li>\n\n\n\n<li>18h00 : Pl\u00e9ni\u00e8re<\/li>\n\n\n\n<li>19h00&nbsp;: D\u00eener<\/li>\n\n\n\n<li>20h30 \u2013 22h00&nbsp;: Soir\u00e9e publique&nbsp;avec Jean-Louis Schlegel &#8211; Dominique Collin et Madeleine Wieger<\/li>\n<\/ul>\n\n\n\n<h4 class=\"wp-block-heading\"><mark style=\"background-color:rgba(0, 0, 0, 0);color:#90ab13\" class=\"has-inline-color\">Dimanche 10<\/mark><\/h4>\n\n\n\n<ul>\n<li>9h00&nbsp;: Synth\u00e8se et d\u00e9bat<\/li>\n\n\n\n<li>10h30&nbsp;: Culte au temple EPUdF de Maguelone<\/li>\n\n\n\n<li>13h00&nbsp;: D\u00e9jeuner<\/li>\n\n\n\n<li>14h00&nbsp;: Visite guid\u00e9e du Montpellier protestant (sur inscription)<\/li>\n<\/ul>\n","protected":false},"excerpt":{"rendered":"<p>La sixi\u00e8me \u00e9dition des Rendez-vous de la pens\u00e9e protestante a eu lieu du 8 au 10 mars 2024 \u00e0 la Facult\u00e9 de Montpellier de l&rsquo;Institut protestant de th\u00e9ologie. Dis-moi quel est ton monde, je te dirai quel est ton Dieu. Dis-moi quel est ton Dieu, je te dirai quel est ton monde ARGUMENTAIRE autour du [&hellip;]<\/p>\n","protected":false},"author":151,"featured_media":0,"parent":0,"menu_order":0,"comment_status":"closed","ping_status":"closed","template":"","meta":{"_themeisle_gutenberg_block_has_review":false,"footnotes":""},"jetpack_sharing_enabled":true,"_links":{"self":[{"href":"https:\/\/les-rendez-vous.fr\/index.php\/wp-json\/wp\/v2\/pages\/1152"}],"collection":[{"href":"https:\/\/les-rendez-vous.fr\/index.php\/wp-json\/wp\/v2\/pages"}],"about":[{"href":"https:\/\/les-rendez-vous.fr\/index.php\/wp-json\/wp\/v2\/types\/page"}],"author":[{"embeddable":true,"href":"https:\/\/les-rendez-vous.fr\/index.php\/wp-json\/wp\/v2\/users\/151"}],"replies":[{"embeddable":true,"href":"https:\/\/les-rendez-vous.fr\/index.php\/wp-json\/wp\/v2\/comments?post=1152"}],"version-history":[{"count":11,"href":"https:\/\/les-rendez-vous.fr\/index.php\/wp-json\/wp\/v2\/pages\/1152\/revisions"}],"predecessor-version":[{"id":1207,"href":"https:\/\/les-rendez-vous.fr\/index.php\/wp-json\/wp\/v2\/pages\/1152\/revisions\/1207"}],"wp:attachment":[{"href":"https:\/\/les-rendez-vous.fr\/index.php\/wp-json\/wp\/v2\/media?parent=1152"}],"curies":[{"name":"wp","href":"https:\/\/api.w.org\/{rel}","templated":true}]}}