{"id":1277,"date":"2026-02-06T12:13:53","date_gmt":"2026-02-06T11:13:53","guid":{"rendered":"https:\/\/les-rendez-vous.fr\/?page_id=1277"},"modified":"2026-02-25T12:49:23","modified_gmt":"2026-02-25T11:49:23","slug":"sauve-oui-mais-de-quoi","status":"publish","type":"page","link":"https:\/\/les-rendez-vous.fr\/index.php\/sauve-oui-mais-de-quoi\/","title":{"rendered":"Sauv\u00e9 oui, mais de quoi ?"},"content":{"rendered":"\n<figure class=\"wp-block-image size-large\"><img loading=\"lazy\" decoding=\"async\" width=\"1024\" height=\"133\" src=\"https:\/\/i0.wp.com\/les-rendez-vous.fr\/wp-content\/uploads\/2026\/02\/rdvpp-2026-1536-x-200-px-1024x133.png?resize=1024%2C133&#038;ssl=1\" alt=\"\" class=\"wp-image-1278\" srcset=\"https:\/\/i0.wp.com\/les-rendez-vous.fr\/wp-content\/uploads\/2026\/02\/rdvpp-2026-1536-x-200-px.png?resize=1024%2C133&amp;ssl=1 1024w, https:\/\/i0.wp.com\/les-rendez-vous.fr\/wp-content\/uploads\/2026\/02\/rdvpp-2026-1536-x-200-px.png?resize=300%2C39&amp;ssl=1 300w, https:\/\/i0.wp.com\/les-rendez-vous.fr\/wp-content\/uploads\/2026\/02\/rdvpp-2026-1536-x-200-px.png?resize=768%2C100&amp;ssl=1 768w, https:\/\/i0.wp.com\/les-rendez-vous.fr\/wp-content\/uploads\/2026\/02\/rdvpp-2026-1536-x-200-px.png?w=1536&amp;ssl=1 1536w\" sizes=\"(max-width: 1000px) 100vw, 1000px\" data-recalc-dims=\"1\" \/><\/figure>\n\n\n\n<p class=\"has-text-align-center\">La huiti\u00e8me \u00e9dition des Rendez-vous de la pens\u00e9e protestante a eu lieu du 26 au 28 juin 2026 \u00e0 Collonges-sous-Sal\u00e8ve<\/p>\n\n\n\n<h2 class=\"wp-block-heading alignwide has-text-align-center\"><mark style=\"background-color:rgba(0, 0, 0, 0);color:#90ab13\" class=\"has-inline-color\">Argumentaire des Rendez-Vous de la Pens\u00e9e Protestante 2026<\/mark><\/h2>\n\n\n\n<h4 class=\"wp-block-heading has-text-align-left\"><mark style=\"background-color:rgba(0, 0, 0, 0);color: rgb(144, 171, 19);\" class=\"has-inline-color\"><strong style=\"\">Sauv\u00e9, oui, mais de quoi <\/strong><\/mark><mark style=\"background-color:rgba(0, 0, 0, 0);color:#90ab13\" class=\"has-inline-color\"><strong>?<\/strong><\/mark><\/h4>\n\n\n\n<p class=\"has-text-align-left\">     Il en va du salut pour les th\u00e9ologiens comme du temps pour Saint-Augustin : qu\u2019est-ce que c\u2019est ? \u00ab Si personne ne m\u2019interroge, je le sais ; si je veux r\u00e9pondre \u00e0 cette demande, je l\u2019ignore \u00bb De fait, le terme salut est parmi les plus utilis\u00e9s en christianisme pour d\u00e9signer \u00e0 la fois l\u2019aspiration ultime de l\u2019\u00eatre humain et l\u2019\u00e9v\u00e9nement sur lequel s\u2019appuie la foi : \u00ab ce vers quoi nous marchons et ce qui nous permet de marcher. \u00bb Mais quand il s\u2019agit de l\u2019expliciter, de lui donner forme et contenu, commencent les d\u00e9bats. Le salut peine en effet \u00e0 \u00eatre ins\u00e9r\u00e9 dans les cat\u00e9gories de l\u2019existence humaine sinon sous forme m\u00e9taphorique et\/ou dialectique. Il faut pourtant parler, paraboler. Tourner autour du salut peut se faire en une \u00e9num\u00e9ration de questions :<\/p>\n\n\n\n<ul>\n<li>Quant au temps : le salut consiste-t-il en une \u00ab vie \u00e9ternelle \u00bb future (\u00e0 supposer<br>que ce ne soit pas un oxymore), ou faut-il le penser dans le pr\u00e9sent, voire le pass\u00e9 ? Y a-t-il d\u2019ailleurs une histoire du salut ? Ou encore, ne faut-il pas l\u2019extraire tout simplement des repr\u00e9sentations associ\u00e9es au mot \u00ab temps \u00bb ?<\/li>\n\n\n\n<li>Quant \u00e0 l\u2019espace : le salut concerne-t-il en premier lieu l\u2019individu ou le monde ? Et<br>que faut-il entendre par ce dernier terme ? Le monde en tant que la culture dans<br>laquelle est ins\u00e9r\u00e9 l\u2019individu dont on parle ? Le cosmos ?<\/li>\n\n\n\n<li>Quant au contenu : de quoi le salut sauve-t-il ? Du mal ? De la souffrance ? De la<br>mort ? Des fl\u00e9aux sociaux ou politiques ? De la crise \u00e9cologique ? De l\u2019angoisse<br>existentielle ? De probl\u00e8mes identitaires ? Du p\u00e9ch\u00e9 ? De la perdition ?<\/li>\n\n\n\n<li>Quant aux modalit\u00e9s : le salut est-il conversion ? Justification ? Pardon ? Promesse ? Construction individuelle ou collective ? Rencontre du Christ ? Faut-il penser le salut comme un cheminement ? Une esp\u00e9rance ? Un \u00e9v\u00e9nement ? Une reconnaissance ? Est-il identifiable \u00e0 une exp\u00e9rience subjective (et dans ce cas quels en sont les crit\u00e8res ?) ou faut-il maintenir sa r\u00e9alit\u00e9 <em>extra nos<\/em> ? Et puisque ce sont des rendez-vous de la pens\u00e9e protestante, quelle articulation entre foi et \u0153uvres ?<\/li>\n\n\n\n<li>Quant \u00e0 sa place en th\u00e9ologie : la sot\u00e9riologie constitue-t-elle la substance m\u00eame de la r\u00e9flexion th\u00e9ologique chr\u00e9tienne ou un de ses aspects ? Quels sont ses liens avec les autres champs de la th\u00e9ologie, notamment la christologie ?<\/li>\n<\/ul>\n\n\n\n<p>     <\/p>\n\n\n\n<p>     Ces s\u00e9ries de questions sont interd\u00e9pendantes. R\u00e9fl\u00e9chir th\u00e9ologiquement au salut ne saurait se r\u00e9sumer \u00e0 l\u2019addition des r\u00e9ponses que l\u2019on pourrait leur apporter. Les diverses possibilit\u00e9s \u00e9voqu\u00e9es en chaque alin\u00e9a ne s\u2019excluent d\u2019ailleurs pas forc\u00e9ment mais appellent \u00e0 penser leurs articulations.<\/p>\n\n\n\n<p>     Cela dit, le th\u00e8me du salut mobilise la th\u00e9ologienne et le th\u00e9ologien \u00e0 la fois sur le versant de l\u2019objectivation et sur celui de l\u2019investissement subjectif. Comme \u00e9l\u00e9ment du patrimoine biblique, eccl\u00e9sial, th\u00e9ologique, le salut n\u00e9cessite d\u2019\u00eatre investigu\u00e9 avec le recul ex\u00e9g\u00e9tique, historique et a-confessionnel n\u00e9cessaire \u00e0 la construction d\u2019un discours scientifique, c\u2019est-\u00e0-dire en l\u2019occurrence d\u2019un travail d\u2019observation, de compr\u00e9hension et d\u2019articulation des discours en tant que tels. Dans le cadre du christianisme : quels sont les contours du salut tel qu\u2019il est \u00e9nonc\u00e9 dans tel corpus biblique ? Quels sont les accents de tel th\u00e9ologien, de tel courant eccl\u00e9sial ? Comment participent-ils de la conversation th\u00e9ologique multis\u00e9culaire ? Pour aller plus loin : le th\u00e8me chr\u00e9tien du salut est-il susceptible d\u2019offrir une grammaire universelle de l\u2019existence humaine ? Dans quelle mesure la cat\u00e9gorie des religions de salut, distinctes des autres, est-elle alors op\u00e9ratoire ? Etc.<\/p>\n\n\n\n<p>     En m\u00eame temps, si le th\u00e9ologien et la th\u00e9ologienne cherchent \u00e0 penser le salut, c\u2019est<br>que c\u2019est de leur salut qu\u2019il s\u2019agit. Autrement dit, sur ce sujet, la sot\u00e9riologie ne peut en<br>rester au catalogage raisonn\u00e9 des discours et se fait t\u00e9moignage. Pour autant, t\u00e9moigner<br>ne signifie pas forc\u00e9ment exposer ce qui dans ou de ses propres exp\u00e9riences est per\u00e7u<br>comme salutaire : le geste th\u00e9ologique ne consiste pas \u00e0 raconter sa vie mais \u00e0 vivre la<br>th\u00e9ologie elle-m\u00eame \u2013 et donc la formuler \u2013 comme exp\u00e9rience salutaire.<\/p>\n\n\n\n<p>     Ces deux versants du geste th\u00e9ologique correspondent \u00e0 deux mani\u00e8res, non exclu-<br>sives mais compl\u00e9mentaires, de recevoir le titre de ces Rendez-vous : Sauv\u00e9, oui, mais de quoi ?<\/p>\n\n\n\n<ul>\n<li>Il peut r\u00e9sonner comme une invitation \u00e0 passer en revue, par exemple selon les axes \u00e9voqu\u00e9s plus haut, les diff\u00e9rentes conceptions du salut qui ont ou ont eu cours en christianisme et plus singuli\u00e8rement en protestantisme, et \u00e9tablir les termes des d\u00e9bats en cours. Il s\u2019agit alors de prendre suffisamment de recul pour comprendre ces discours sans les caricaturer et examiner dans quelle mesure ils s\u2019articulent (ou non) les uns aux autres.<\/li>\n\n\n\n<li>Mais pour que ce recul ne devienne ni surplomb ni d\u00e9tachement, il importe que la question soit aussi re\u00e7ue comme interpellant la th\u00e9ologienne ou le th\u00e9ologien eux-m\u00eames : le quoi peut alors renvoyer vers ce qui s\u2019impose comme \u00ab perdition \u00bb \u2013 terme g\u00e9n\u00e9rique d\u00e9signant ce dont le salut sauve \u2013 dans (ou de) l\u2019existence.<\/li>\n<\/ul>\n\n\n\n<p>     On pourra enfin interroger la question elle-m\u00eame, tant au niveau de son mouvement que de son objet. Si son libell\u00e9 fait droit \u00e0 la s\u00e9cularisation contemporaine apparente de la pens\u00e9e \u2013 les repr\u00e9sentations traditionnelles de la perdition sous les formes de l\u2019enfer ou du n\u00e9ant ayant laiss\u00e9 place \u00e0 un grand point d\u2019interrogation \u2013 ne signale-t-il pas par ce fait m\u00eame \u00e0 la fois le d\u00e9sir de et la r\u00e9sistance au salut, en opposant le verbe (au participe pass\u00e9 de r\u00e9alisation) \u00e0 l\u2019absence d\u2019objet, c\u2019est-\u00e0-dire en pla\u00e7ant le questionneur hors de sa propre existence et en rendant fictif le salut pourtant affirm\u00e9 ?<\/p>\n\n\n\n<p>     Et ce mouvement d\u2019extraction ne ressemble-t-il pas, finalement, par-del\u00e0 la distance historique et donc culturelle, \u00e0 ce qui se trame dans l\u2019humain tel que le d\u00e9crivent bon<br>nombre de r\u00e9cits \u00e9vang\u00e9liques ? Dit en termes de probl\u00e9matique : dans quelle mesure, \u00e0<br>quelle condition, par quelle op\u00e9ration herm\u00e9neutique la mani\u00e8re dont les textes bibliques<br>abordent la question du salut peut-elle rejoindre les questionnements contemporains o\u00f9<br>peut \u00eatre rep\u00e9r\u00e9 un d\u00e9sir de salut\u2026 voire un appel au sauveur, sans pour autant r\u00e9duire le<br>salut \u2013 qui concerne la vie elle-m\u00eame \u2013 \u00e0 la r\u00e9solution de probl\u00e8mes dans la vie ?<\/p>\n\n\n\n<div class=\"wp-block-buttons is-content-justification-center is-layout-flex wp-container-core-buttons-layout-1 wp-block-buttons-is-layout-flex\">\n<div class=\"wp-block-button\"><a class=\"wp-block-button__link has-text-align-center wp-element-button\" href=\"https:\/\/www.helloasso.com\/associations\/les-rendez-vous-de-la-pensee-protestante\/evenements\/rendez-vous-de-la-pensee-protestante-2025-2\">Inscriptions<\/a><\/div>\n\n\n\n<div class=\"wp-block-button\"><a class=\"wp-block-button__link has-text-align-center wp-element-button\">Programme bient\u00f4t disponible<\/a><\/div>\n<\/div>\n","protected":false},"excerpt":{"rendered":"<p>La huiti\u00e8me \u00e9dition des Rendez-vous de la pens\u00e9e protestante a eu lieu du 26 au 28 juin 2026 \u00e0 Collonges-sous-Sal\u00e8ve Argumentaire des Rendez-Vous de la Pens\u00e9e Protestante 2026 Sauv\u00e9, oui, mais de quoi ? Il en va du salut pour les th\u00e9ologiens comme du temps pour Saint-Augustin : qu\u2019est-ce que c\u2019est ? \u00ab Si personne [&hellip;]<\/p>\n","protected":false},"author":152,"featured_media":0,"parent":0,"menu_order":0,"comment_status":"closed","ping_status":"closed","template":"","meta":{"_themeisle_gutenberg_block_has_review":false,"footnotes":""},"jetpack_sharing_enabled":true,"_links":{"self":[{"href":"https:\/\/les-rendez-vous.fr\/index.php\/wp-json\/wp\/v2\/pages\/1277"}],"collection":[{"href":"https:\/\/les-rendez-vous.fr\/index.php\/wp-json\/wp\/v2\/pages"}],"about":[{"href":"https:\/\/les-rendez-vous.fr\/index.php\/wp-json\/wp\/v2\/types\/page"}],"author":[{"embeddable":true,"href":"https:\/\/les-rendez-vous.fr\/index.php\/wp-json\/wp\/v2\/users\/152"}],"replies":[{"embeddable":true,"href":"https:\/\/les-rendez-vous.fr\/index.php\/wp-json\/wp\/v2\/comments?post=1277"}],"version-history":[{"count":4,"href":"https:\/\/les-rendez-vous.fr\/index.php\/wp-json\/wp\/v2\/pages\/1277\/revisions"}],"predecessor-version":[{"id":1296,"href":"https:\/\/les-rendez-vous.fr\/index.php\/wp-json\/wp\/v2\/pages\/1277\/revisions\/1296"}],"wp:attachment":[{"href":"https:\/\/les-rendez-vous.fr\/index.php\/wp-json\/wp\/v2\/media?parent=1277"}],"curies":[{"name":"wp","href":"https:\/\/api.w.org\/{rel}","templated":true}]}}