{"id":587,"date":"2023-01-02T10:25:30","date_gmt":"2023-01-02T09:25:30","guid":{"rendered":"http:\/\/les-rendez-vous.fr\/?page_id=587"},"modified":"2023-01-25T10:44:19","modified_gmt":"2023-01-25T09:44:19","slug":"rendez-vous-2022-tu-ne-tueras-pas","status":"publish","type":"page","link":"https:\/\/les-rendez-vous.fr\/index.php\/rendez-vous-2022-tu-ne-tueras-pas\/","title":{"rendered":"Rendez-vous 2022 : \u00ab\u00a0Tu ne tueras pas\u00a0\u00bb"},"content":{"rendered":"\n<div class=\"wp-block-columns is-layout-flex wp-container-core-columns-layout-1 wp-block-columns-is-layout-flex\">\n<div class=\"wp-block-column is-layout-flow wp-block-column-is-layout-flow\" style=\"flex-basis:33.33%\">\n<p style=\"font-size:20px;line-height:1.4\"><strong>Du 24 au 26 juin 2022,<\/strong> les Rendez-vous ont \u00e9t\u00e9 accueillis par la Facult\u00e9 libre de th\u00e9ologie \u00e9vang\u00e9lique \u00e0 Vaux-sur-Seine.<\/p>\n<\/div>\n\n\n\n<div class=\"wp-block-column is-layout-flow wp-block-column-is-layout-flow\" style=\"flex-basis:66.66%\">\n<iframe src=\"https:\/\/www.google.com\/maps\/embed?pb=!1m14!1m8!1m3!1d10468.407876736312!2d1.9384701!3d49.008645!3m2!1i1024!2i768!4f13.1!3m3!1m2!1s0x0%3A0xa4cd0aadca47785a!2sFacult%C3%A9%20Libre%20de%20Th%C3%A9ologie%20%C3%89vang%C3%A9lique%20(FLTE)!5e0!3m2!1sfr!2sfr!4v1672650551116!5m2!1sfr!2sfr\" width=\"100%\" height=\"200\" style=\"border:0;\" allowfullscreen=\"\" loading=\"lazy\" referrerpolicy=\"no-referrer-when-downgrade\"><\/iframe>\n<\/div>\n<\/div>\n\n\n\n<div class=\"wp-block-buttons is-horizontal is-content-justification-center is-layout-flex wp-container-core-buttons-layout-1 wp-block-buttons-is-layout-flex\">\n<div class=\"wp-block-button\"><a class=\"wp-block-button__link has-white-color has-text-color has-background wp-element-button\" href=\"#ancre1\" style=\"border-radius:20px;background-color:#a9ba11\">Vid\u00e9os<\/a><\/div>\n\n\n\n<div class=\"wp-block-button\"><a class=\"wp-block-button__link has-white-color has-text-color has-background wp-element-button\" href=\"#photos\" style=\"border-radius:20px;background-color:#a9ba11\">Photos<\/a><\/div>\n\n\n\n<div class=\"wp-block-button\"><a class=\"wp-block-button__link has-white-color has-text-color has-background wp-element-button\" href=\"#programme\" style=\"border-radius:20px;background-color:#a9ba11\">Programme<\/a><\/div>\n<\/div>\n\n\n\n<hr class=\"wp-block-separator has-alpha-channel-opacity\" id=\"ancre1\"\/>\n\n\n\n<figure class=\"wp-block-embed is-type-video is-provider-youtube wp-block-embed-youtube wp-embed-aspect-16-9 wp-has-aspect-ratio\"><div class=\"wp-block-embed__wrapper\">\n<iframe loading=\"lazy\" title=\"Est-il possible de r\u00e9sister \u00e0 la guerre ? Samuel Am\u00e9dro\" width=\"500\" height=\"281\" src=\"https:\/\/www.youtube.com\/embed\/9EJdR8zCVXo?feature=oembed\" frameborder=\"0\" allow=\"accelerometer; autoplay; clipboard-write; encrypted-media; gyroscope; picture-in-picture; web-share\" allowfullscreen><\/iframe>\n<\/div><\/figure>\n\n\n\n<hr class=\"wp-block-separator has-alpha-channel-opacity\"\/>\n\n\n\n<figure class=\"wp-block-embed is-type-video is-provider-youtube wp-block-embed-youtube wp-embed-aspect-16-9 wp-has-aspect-ratio\"><div class=\"wp-block-embed__wrapper\">\n<iframe loading=\"lazy\" title=\"Sortir de la logique conqu\u00e9rante - Luca Marulli\" width=\"500\" height=\"281\" src=\"https:\/\/www.youtube.com\/embed\/fvk5Id7okGw?feature=oembed\" frameborder=\"0\" allow=\"accelerometer; autoplay; clipboard-write; encrypted-media; gyroscope; picture-in-picture; web-share\" allowfullscreen><\/iframe>\n<\/div><\/figure>\n\n\n\n<figure class=\"wp-block-embed is-type-video is-provider-youtube wp-block-embed-youtube wp-embed-aspect-16-9 wp-has-aspect-ratio\"><div class=\"wp-block-embed__wrapper\">\n<iframe loading=\"lazy\" title=\"L\u2019anomalie de la guerre - Fr\u00e9d\u00e9ric Chavel\" width=\"500\" height=\"281\" src=\"https:\/\/www.youtube.com\/embed\/Ays3nn_sfWY?feature=oembed\" frameborder=\"0\" allow=\"accelerometer; autoplay; clipboard-write; encrypted-media; gyroscope; picture-in-picture; web-share\" allowfullscreen><\/iframe>\n<\/div><\/figure>\n\n\n\n<figure class=\"wp-block-embed is-type-video is-provider-youtube wp-block-embed-youtube wp-embed-aspect-16-9 wp-has-aspect-ratio\"><div class=\"wp-block-embed__wrapper\">\n<iframe loading=\"lazy\" title=\"\u00ab Aimer ses ennemis \u00bb, un commandement impossible ? Gheorghe Socaciu, Murielle Minassian\" width=\"500\" height=\"281\" src=\"https:\/\/www.youtube.com\/embed\/wdlZYVp6Tno?feature=oembed\" frameborder=\"0\" allow=\"accelerometer; autoplay; clipboard-write; encrypted-media; gyroscope; picture-in-picture; web-share\" allowfullscreen><\/iframe>\n<\/div><\/figure>\n\n\n\n<figure class=\"wp-block-embed is-type-video is-provider-youtube wp-block-embed-youtube wp-embed-aspect-16-9 wp-has-aspect-ratio\"><div class=\"wp-block-embed__wrapper\">\n<iframe loading=\"lazy\" title=\"\u00ab Tu ne tueras pas \u00bb est aussi une promesse\" width=\"500\" height=\"281\" src=\"https:\/\/www.youtube.com\/embed\/S-EH9QAgH7Q?feature=oembed\" frameborder=\"0\" allow=\"accelerometer; autoplay; clipboard-write; encrypted-media; gyroscope; picture-in-picture; web-share\" allowfullscreen><\/iframe>\n<\/div><\/figure>\n\n\n\n<figure class=\"wp-block-embed is-type-video is-provider-youtube wp-block-embed-youtube wp-embed-aspect-16-9 wp-has-aspect-ratio\"><div class=\"wp-block-embed__wrapper\">\n<iframe loading=\"lazy\" title=\"Le 6e commandement est un absolu, \u00ab tu ne tueras pas \u00bb - Aurore Dumont, Neil Blough\" width=\"500\" height=\"281\" src=\"https:\/\/www.youtube.com\/embed\/PRhE1VKHfR4?feature=oembed\" frameborder=\"0\" allow=\"accelerometer; autoplay; clipboard-write; encrypted-media; gyroscope; picture-in-picture; web-share\" allowfullscreen><\/iframe>\n<\/div><\/figure>\n\n\n\n<figure class=\"wp-block-embed is-type-video is-provider-youtube wp-block-embed-youtube wp-embed-aspect-16-9 wp-has-aspect-ratio\"><div class=\"wp-block-embed__wrapper\">\n<iframe loading=\"lazy\" title=\"RDVPP2022 : &quot;Tu ne tueras pas&quot; Regards th\u00e9ologiques crois\u00e9s sur la guerre\" width=\"500\" height=\"281\" src=\"https:\/\/www.youtube.com\/embed\/jz9z_LBYaCQ?feature=oembed\" frameborder=\"0\" allow=\"accelerometer; autoplay; clipboard-write; encrypted-media; gyroscope; picture-in-picture; web-share\" allowfullscreen><\/iframe>\n<\/div><\/figure>\n\n\n\n<hr class=\"wp-block-separator has-alpha-channel-opacity\" id=\"photos\"\/>\n\n\n\n<h2 class=\"wp-block-heading\">Photos<\/h2>\n\n\n<style type=\"text\/css\">.otter-masonry .blocks-gallery-grid .blocks-gallery-item img{ width:100% }<\/style><div class=\"otter-masonry\" data-margin=\"13\">\n<figure class=\"wp-block-gallery has-nested-images columns-2 ticss-b05a65f9 wp-block-gallery-1 is-layout-flex wp-block-gallery-is-layout-flex\">\n<figure class=\"wp-block-image size-large has-custom-border\"><img loading=\"lazy\" decoding=\"async\" width=\"1024\" height=\"640\" data-id=\"837\" src=\"https:\/\/i0.wp.com\/les-rendez-vous.fr\/wp-content\/uploads\/2023\/01\/IMG_4252-reduit.jpg?resize=1024%2C640\" alt=\"\" class=\"wp-image-837\" style=\"border-radius:20px\" srcset=\"https:\/\/i0.wp.com\/les-rendez-vous.fr\/wp-content\/uploads\/2023\/01\/IMG_4252-reduit-scaled.jpg?resize=1024%2C640&amp;ssl=1 1024w, https:\/\/i0.wp.com\/les-rendez-vous.fr\/wp-content\/uploads\/2023\/01\/IMG_4252-reduit-scaled.jpg?resize=300%2C188&amp;ssl=1 300w, https:\/\/i0.wp.com\/les-rendez-vous.fr\/wp-content\/uploads\/2023\/01\/IMG_4252-reduit-scaled.jpg?resize=768%2C480&amp;ssl=1 768w, https:\/\/i0.wp.com\/les-rendez-vous.fr\/wp-content\/uploads\/2023\/01\/IMG_4252-reduit-scaled.jpg?resize=1536%2C960&amp;ssl=1 1536w, https:\/\/i0.wp.com\/les-rendez-vous.fr\/wp-content\/uploads\/2023\/01\/IMG_4252-reduit-scaled.jpg?resize=2048%2C1280&amp;ssl=1 2048w\" sizes=\"(max-width: 1000px) 100vw, 1000px\" data-recalc-dims=\"1\" \/><figcaption class=\"wp-element-caption\">Samuel Am\u00e9dro | Photo R. Georgy<\/figcaption><\/figure>\n\n\n\n<figure class=\"wp-block-image size-large has-custom-border\"><img loading=\"lazy\" decoding=\"async\" width=\"1024\" height=\"768\" data-id=\"839\" src=\"https:\/\/i0.wp.com\/les-rendez-vous.fr\/wp-content\/uploads\/2023\/01\/IMG_4267-1.jpg?resize=1024%2C768\" alt=\"\" class=\"wp-image-839\" style=\"border-radius:20px\" srcset=\"https:\/\/i0.wp.com\/les-rendez-vous.fr\/wp-content\/uploads\/2023\/01\/IMG_4267-1-scaled.jpg?resize=1024%2C768&amp;ssl=1 1024w, https:\/\/i0.wp.com\/les-rendez-vous.fr\/wp-content\/uploads\/2023\/01\/IMG_4267-1-scaled.jpg?resize=300%2C225&amp;ssl=1 300w, https:\/\/i0.wp.com\/les-rendez-vous.fr\/wp-content\/uploads\/2023\/01\/IMG_4267-1-scaled.jpg?resize=768%2C576&amp;ssl=1 768w, https:\/\/i0.wp.com\/les-rendez-vous.fr\/wp-content\/uploads\/2023\/01\/IMG_4267-1-scaled.jpg?resize=1536%2C1152&amp;ssl=1 1536w, https:\/\/i0.wp.com\/les-rendez-vous.fr\/wp-content\/uploads\/2023\/01\/IMG_4267-1-scaled.jpg?resize=2048%2C1536&amp;ssl=1 2048w\" sizes=\"(max-width: 1000px) 100vw, 1000px\" data-recalc-dims=\"1\" \/><\/figure>\n\n\n\n<figure class=\"wp-block-image size-large has-custom-border\"><img loading=\"lazy\" decoding=\"async\" width=\"1024\" height=\"768\" data-id=\"832\" src=\"https:\/\/i0.wp.com\/les-rendez-vous.fr\/wp-content\/uploads\/2023\/01\/IMG_4265-reduit.jpg?resize=1024%2C768\" alt=\"\" class=\"wp-image-832\" style=\"border-radius:20px\" srcset=\"https:\/\/i0.wp.com\/les-rendez-vous.fr\/wp-content\/uploads\/2023\/01\/IMG_4265-reduit.jpg?resize=1024%2C768&amp;ssl=1 1024w, https:\/\/i0.wp.com\/les-rendez-vous.fr\/wp-content\/uploads\/2023\/01\/IMG_4265-reduit.jpg?resize=300%2C225&amp;ssl=1 300w, https:\/\/i0.wp.com\/les-rendez-vous.fr\/wp-content\/uploads\/2023\/01\/IMG_4265-reduit.jpg?resize=768%2C576&amp;ssl=1 768w, https:\/\/i0.wp.com\/les-rendez-vous.fr\/wp-content\/uploads\/2023\/01\/IMG_4265-reduit.jpg?w=1500&amp;ssl=1 1500w\" sizes=\"(max-width: 1000px) 100vw, 1000px\" data-recalc-dims=\"1\" \/><figcaption class=\"wp-element-caption\">Fr\u00e9d\u00e9rich Chavel | Photo R.G.<\/figcaption><\/figure>\n\n\n\n<figure class=\"wp-block-image size-large has-custom-border\"><img loading=\"lazy\" decoding=\"async\" width=\"768\" height=\"1024\" data-id=\"833\" src=\"https:\/\/i0.wp.com\/les-rendez-vous.fr\/wp-content\/uploads\/2023\/01\/RVPP2022_06.jpeg?resize=768%2C1024\" alt=\"\" class=\"wp-image-833\" style=\"border-radius:20px\" srcset=\"https:\/\/i0.wp.com\/les-rendez-vous.fr\/wp-content\/uploads\/2023\/01\/RVPP2022_06.jpeg?resize=768%2C1024&amp;ssl=1 768w, https:\/\/i0.wp.com\/les-rendez-vous.fr\/wp-content\/uploads\/2023\/01\/RVPP2022_06.jpeg?resize=225%2C300&amp;ssl=1 225w, https:\/\/i0.wp.com\/les-rendez-vous.fr\/wp-content\/uploads\/2023\/01\/RVPP2022_06.jpeg?resize=1152%2C1536&amp;ssl=1 1152w, https:\/\/i0.wp.com\/les-rendez-vous.fr\/wp-content\/uploads\/2023\/01\/RVPP2022_06.jpeg?w=1536&amp;ssl=1 1536w\" sizes=\"(max-width: 768px) 100vw, 768px\" data-recalc-dims=\"1\" \/><figcaption class=\"wp-element-caption\">Madeleine Wieger<\/figcaption><\/figure>\n\n\n\n<figure class=\"wp-block-image size-large has-custom-border\"><img loading=\"lazy\" decoding=\"async\" width=\"1024\" height=\"640\" data-id=\"831\" src=\"https:\/\/i0.wp.com\/les-rendez-vous.fr\/wp-content\/uploads\/2023\/01\/IMG_4311-reduit.jpg?resize=1024%2C640\" alt=\"\" class=\"wp-image-831\" style=\"border-radius:20px\" srcset=\"https:\/\/i0.wp.com\/les-rendez-vous.fr\/wp-content\/uploads\/2023\/01\/IMG_4311-reduit.jpg?resize=1024%2C640&amp;ssl=1 1024w, https:\/\/i0.wp.com\/les-rendez-vous.fr\/wp-content\/uploads\/2023\/01\/IMG_4311-reduit.jpg?resize=300%2C188&amp;ssl=1 300w, https:\/\/i0.wp.com\/les-rendez-vous.fr\/wp-content\/uploads\/2023\/01\/IMG_4311-reduit.jpg?resize=768%2C480&amp;ssl=1 768w, https:\/\/i0.wp.com\/les-rendez-vous.fr\/wp-content\/uploads\/2023\/01\/IMG_4311-reduit.jpg?w=1500&amp;ssl=1 1500w\" sizes=\"(max-width: 1000px) 100vw, 1000px\" data-recalc-dims=\"1\" \/><figcaption class=\"wp-element-caption\">Neal Blough | Photo R.G.<\/figcaption><\/figure>\n\n\n\n<figure class=\"wp-block-image size-large has-custom-border\"><img loading=\"lazy\" decoding=\"async\" width=\"1024\" height=\"768\" data-id=\"835\" src=\"https:\/\/i0.wp.com\/les-rendez-vous.fr\/wp-content\/uploads\/2023\/01\/IMG_4336-reduit.jpg?resize=1024%2C768\" alt=\"\" class=\"wp-image-835\" style=\"border-radius:20px\" srcset=\"https:\/\/i0.wp.com\/les-rendez-vous.fr\/wp-content\/uploads\/2023\/01\/IMG_4336-reduit.jpg?resize=1024%2C768&amp;ssl=1 1024w, https:\/\/i0.wp.com\/les-rendez-vous.fr\/wp-content\/uploads\/2023\/01\/IMG_4336-reduit.jpg?resize=300%2C225&amp;ssl=1 300w, https:\/\/i0.wp.com\/les-rendez-vous.fr\/wp-content\/uploads\/2023\/01\/IMG_4336-reduit.jpg?resize=768%2C576&amp;ssl=1 768w, https:\/\/i0.wp.com\/les-rendez-vous.fr\/wp-content\/uploads\/2023\/01\/IMG_4336-reduit.jpg?w=1500&amp;ssl=1 1500w\" sizes=\"(max-width: 1000px) 100vw, 1000px\" data-recalc-dims=\"1\" \/><figcaption class=\"wp-element-caption\">Olivier Abel | Photo R.G.<\/figcaption><\/figure>\n\n\n\n<figure class=\"wp-block-image size-large has-custom-border\"><img loading=\"lazy\" decoding=\"async\" width=\"1024\" height=\"768\" data-id=\"840\" src=\"https:\/\/i0.wp.com\/les-rendez-vous.fr\/wp-content\/uploads\/2023\/01\/IMG_1284-recadre.jpg?resize=1024%2C768\" alt=\"\" class=\"wp-image-840\" style=\"border-radius:20px\" srcset=\"https:\/\/i0.wp.com\/les-rendez-vous.fr\/wp-content\/uploads\/2023\/01\/IMG_1284-recadre-scaled.jpg?resize=1024%2C768&amp;ssl=1 1024w, https:\/\/i0.wp.com\/les-rendez-vous.fr\/wp-content\/uploads\/2023\/01\/IMG_1284-recadre-scaled.jpg?resize=300%2C225&amp;ssl=1 300w, https:\/\/i0.wp.com\/les-rendez-vous.fr\/wp-content\/uploads\/2023\/01\/IMG_1284-recadre-scaled.jpg?resize=768%2C576&amp;ssl=1 768w, https:\/\/i0.wp.com\/les-rendez-vous.fr\/wp-content\/uploads\/2023\/01\/IMG_1284-recadre-scaled.jpg?resize=1536%2C1152&amp;ssl=1 1536w, https:\/\/i0.wp.com\/les-rendez-vous.fr\/wp-content\/uploads\/2023\/01\/IMG_1284-recadre-scaled.jpg?resize=2048%2C1536&amp;ssl=1 2048w\" sizes=\"(max-width: 1000px) 100vw, 1000px\" data-recalc-dims=\"1\" \/><\/figure>\n<\/figure>\n<\/div>\n\n\n<hr class=\"wp-block-separator has-alpha-channel-opacity\" id=\"programme\"\/>\n\n\n\n<p class=\"has-large-font-size\"><strong><mark style=\"background-color:rgba(0, 0, 0, 0);color:#a1bf38\" class=\"has-inline-color\">Programme<\/mark><\/strong><\/p>\n\n\n\n<p><mark style=\"background-color:rgba(0, 0, 0, 0);color:#a1bf38\" class=\"has-inline-color\">Vendredi 24 juin<\/mark><\/p>\n\n\n\n<p>18h00&nbsp;&nbsp;&nbsp;&nbsp;&nbsp;&nbsp;&nbsp;&nbsp;&nbsp;&nbsp;&nbsp;&nbsp;&nbsp;&nbsp;&nbsp;&nbsp; Accueil convivial et ap\u00e9ritif dinatoire<\/p>\n\n\n\n<p><mark style=\"background-color:rgba(0, 0, 0, 0);color:#a1bf38\" class=\"has-inline-color\">Samedi 25 juin<\/mark><\/p>\n\n\n\n<p>10h00&nbsp;&nbsp;&nbsp;&nbsp;&nbsp;&nbsp;&nbsp;&nbsp;&nbsp;&nbsp;&nbsp;&nbsp;&nbsp;&nbsp;&nbsp;&nbsp; Aum\u00f4nerie et introduction<\/p>\n\n\n\n<p>10h30 &nbsp;&nbsp;&nbsp;&nbsp;&nbsp;&nbsp;&nbsp;&nbsp;&nbsp;&nbsp;&nbsp;&nbsp;&nbsp;&nbsp;&nbsp;&nbsp;<strong>Th\u00e8ses 1 &amp; 2<\/strong>, r\u00e9action et d\u00e9bat&nbsp;(animation :&nbsp;Esther Lenz)<\/p>\n\n\n\n<p>avec <em>Luca Marulli (Facult\u00e9 adventiste Collonges) \/ Fr\u00e9d\u00e9ric Chavel&nbsp;(IPT Paris)&nbsp;<\/em><\/p>\n\n\n\n<p>11h30&nbsp;&nbsp;&nbsp;&nbsp;&nbsp;&nbsp;&nbsp;&nbsp;&nbsp;&nbsp;&nbsp;&nbsp;&nbsp;&nbsp;&nbsp;&nbsp; Discussion en petits groupes<\/p>\n\n\n\n<p>12h30&nbsp;&nbsp;&nbsp;&nbsp;&nbsp;&nbsp;&nbsp;&nbsp;&nbsp;&nbsp;&nbsp;&nbsp;&nbsp;&nbsp;&nbsp;&nbsp; Repas et pause<\/p>\n\n\n\n<p>14h30&nbsp;&nbsp;&nbsp;&nbsp;&nbsp;&nbsp;&nbsp;&nbsp;&nbsp;&nbsp;&nbsp;&nbsp;&nbsp;&nbsp;&nbsp;&nbsp;<strong>Th\u00e8ses 3 &amp; 4<\/strong>, r\u00e9action et d\u00e9bat&nbsp;(animation : Samuel Amedro)<\/p>\n\n\n\n<p><em>Aurore Dumont (IPT Montpellier) \/&nbsp;Neal Blough (FLTE Vaux)<\/em><\/p>\n\n\n\n<p>15h30&nbsp;&nbsp;&nbsp;&nbsp;&nbsp;&nbsp;&nbsp;&nbsp;&nbsp;&nbsp;&nbsp;&nbsp;&nbsp;&nbsp;&nbsp;&nbsp; Discussion en petits groupes&nbsp;<\/p>\n\n\n\n<p>16h30&nbsp;&nbsp;&nbsp;&nbsp;&nbsp;&nbsp;&nbsp;&nbsp;&nbsp;&nbsp;&nbsp;&nbsp;&nbsp;&nbsp;&nbsp;&nbsp; Balade&nbsp;<\/p>\n\n\n\n<p>17h30&nbsp;&nbsp;&nbsp;&nbsp;&nbsp;&nbsp;&nbsp;&nbsp;&nbsp;&nbsp;&nbsp;&nbsp;&nbsp;&nbsp;&nbsp;&nbsp; Pause avec go\u00fbter<\/p>\n\n\n\n<p>18h00 &nbsp;&nbsp;&nbsp;&nbsp;&nbsp;&nbsp;&nbsp;&nbsp;&nbsp;&nbsp;&nbsp;&nbsp;&nbsp;&nbsp;&nbsp;&nbsp;<strong>Th\u00e8ses 5 &amp; 6<\/strong>, r\u00e9action et d\u00e9bat en grand groupe&nbsp;(Animation : Olivier Abel)<\/p>\n\n\n\n<p><em>Gheorghe Socaciu (Bruxelles) \/ Murielle Minassian (Facult\u00e9 Jean Calvin-Aix-en-Provence)<\/em><\/p>\n\n\n\n<p>19h00 &nbsp;&nbsp;&nbsp;&nbsp;&nbsp;&nbsp;&nbsp;&nbsp;&nbsp;&nbsp;&nbsp;&nbsp;&nbsp;&nbsp;&nbsp; AG des Rendez-vous de la Pens\u00e9e protestante<\/p>\n\n\n\n<p>20h00 &nbsp;&nbsp;&nbsp;&nbsp;&nbsp;&nbsp;&nbsp;&nbsp;&nbsp;&nbsp;&nbsp;&nbsp;&nbsp;&nbsp;&nbsp; Repas festif <\/p>\n\n\n\n<p><mark style=\"background-color:rgba(0, 0, 0, 0);color:#a1bf38\" class=\"has-inline-color\">Dimanche 26 juin<\/mark><\/p>\n\n\n\n<p>9h00&nbsp;&nbsp;&nbsp;&nbsp;&nbsp;&nbsp;&nbsp;&nbsp;&nbsp;&nbsp;&nbsp;&nbsp;&nbsp;&nbsp;&nbsp;&nbsp;&nbsp;&nbsp; Relecture en petits groupes des 3 d\u00e9bats de la veille<\/p>\n\n\n\n<p>10h00&nbsp;&nbsp;&nbsp;&nbsp;&nbsp;&nbsp;&nbsp;&nbsp;&nbsp;&nbsp;&nbsp;&nbsp;&nbsp;&nbsp;&nbsp;&nbsp; Discussion en grand groupe sur les fruits de la discussion<\/p>\n\n\n\n<p>11h00&nbsp;&nbsp;&nbsp;&nbsp;&nbsp;&nbsp;&nbsp;&nbsp;&nbsp;&nbsp;&nbsp;&nbsp;&nbsp;&nbsp;&nbsp;&nbsp; Culte avec le campus de Vaux<\/p>\n\n\n\n<p>12h30&nbsp;&nbsp;&nbsp;&nbsp;&nbsp;&nbsp;&nbsp;&nbsp;&nbsp;&nbsp;&nbsp;&nbsp;&nbsp;&nbsp;&nbsp;&nbsp; Repas<\/p>\n\n\n\n<p>14h00&nbsp;&nbsp;&nbsp;&nbsp;&nbsp;&nbsp;&nbsp;&nbsp;&nbsp;&nbsp;&nbsp;&nbsp;&nbsp;&nbsp;&nbsp;&nbsp; Conclusions, synth\u00e8ses et perspectives<\/p>\n\n\n\n<p>15h00&nbsp;&nbsp;&nbsp;&nbsp;&nbsp;&nbsp;&nbsp;&nbsp;&nbsp;&nbsp;&nbsp;&nbsp;&nbsp;&nbsp;&nbsp;&nbsp; Fin de la rencontre\u2026<\/p>\n","protected":false},"excerpt":{"rendered":"<p>Du 24 au 26 juin 2022, les Rendez-vous ont \u00e9t\u00e9 accueillis par la Facult\u00e9 libre de th\u00e9ologie \u00e9vang\u00e9lique \u00e0 Vaux-sur-Seine. Photos Programme Vendredi 24 juin 18h00&nbsp;&nbsp;&nbsp;&nbsp;&nbsp;&nbsp;&nbsp;&nbsp;&nbsp;&nbsp;&nbsp;&nbsp;&nbsp;&nbsp;&nbsp;&nbsp; Accueil convivial et ap\u00e9ritif dinatoire Samedi 25 juin 10h00&nbsp;&nbsp;&nbsp;&nbsp;&nbsp;&nbsp;&nbsp;&nbsp;&nbsp;&nbsp;&nbsp;&nbsp;&nbsp;&nbsp;&nbsp;&nbsp; Aum\u00f4nerie et introduction 10h30 &nbsp;&nbsp;&nbsp;&nbsp;&nbsp;&nbsp;&nbsp;&nbsp;&nbsp;&nbsp;&nbsp;&nbsp;&nbsp;&nbsp;&nbsp;&nbsp;Th\u00e8ses 1 &amp; 2, r\u00e9action et d\u00e9bat&nbsp;(animation :&nbsp;Esther Lenz) avec Luca Marulli (Facult\u00e9 adventiste Collonges) \/ [&hellip;]<\/p>\n","protected":false},"author":151,"featured_media":621,"parent":0,"menu_order":0,"comment_status":"closed","ping_status":"closed","template":"","meta":{"_themeisle_gutenberg_block_has_review":false,"footnotes":""},"jetpack_sharing_enabled":true,"_links":{"self":[{"href":"https:\/\/les-rendez-vous.fr\/index.php\/wp-json\/wp\/v2\/pages\/587"}],"collection":[{"href":"https:\/\/les-rendez-vous.fr\/index.php\/wp-json\/wp\/v2\/pages"}],"about":[{"href":"https:\/\/les-rendez-vous.fr\/index.php\/wp-json\/wp\/v2\/types\/page"}],"author":[{"embeddable":true,"href":"https:\/\/les-rendez-vous.fr\/index.php\/wp-json\/wp\/v2\/users\/151"}],"replies":[{"embeddable":true,"href":"https:\/\/les-rendez-vous.fr\/index.php\/wp-json\/wp\/v2\/comments?post=587"}],"version-history":[{"count":27,"href":"https:\/\/les-rendez-vous.fr\/index.php\/wp-json\/wp\/v2\/pages\/587\/revisions"}],"predecessor-version":[{"id":922,"href":"https:\/\/les-rendez-vous.fr\/index.php\/wp-json\/wp\/v2\/pages\/587\/revisions\/922"}],"wp:featuredmedia":[{"embeddable":true,"href":"https:\/\/les-rendez-vous.fr\/index.php\/wp-json\/wp\/v2\/media\/621"}],"wp:attachment":[{"href":"https:\/\/les-rendez-vous.fr\/index.php\/wp-json\/wp\/v2\/media?parent=587"}],"curies":[{"name":"wp","href":"https:\/\/api.w.org\/{rel}","templated":true}]}}